{"id":223149,"date":"2026-03-18T15:10:49","date_gmt":"2026-03-18T21:10:49","guid":{"rendered":"https:\/\/transportationcaribe.com\/blog\/"},"modified":"2026-04-12T23:53:54","modified_gmt":"2026-04-13T05:53:54","slug":"blog","status":"publish","type":"page","link":"https:\/\/www.transportationcaribe.com\/en\/blog\/","title":{"rendered":"Blog"},"content":{"rendered":"<style id=\"divi-off-canvas-hide-on-load\">\n[data-interaction-target=\"8kxwfl63yk\"] { display: none !important; }\n<\/style>\n<div class=\"et_pb_section_0 et_pb_section et_section_regular et_flex_section preset--group--divi-section--divi-transition--default preset--module--divi-section--default\">\n<div class=\"et_pb_row_0 et_pb_row et_flex_row preset--group--divi-row--divi-transition--default preset--module--divi-row--default\">\n<div class=\"et_pb_column_0 et_pb_column et-last-child et_flex_column et_pb_css_mix_blend_mode_passthrough et_flex_column_24_24 et_flex_column_24_24_tablet et_flex_column_24_24_phone preset--group--divi-column--divi-transition--default\">\n<div class=\"et_pb_heading_0 et_pb_heading et_pb_module et_flex_module preset--module--divi-heading--u4thaw23lf\"><div class=\"et_pb_heading_container\"><h1 class=\"et_pb_module_header\">Blog<\/h1><\/div><\/div>\n<\/div>\n<\/div>\n\n<div class=\"et_pb_row_1 et_pb_row et_grid_row preset--group--divi-row--divi-transition--default preset--module--divi-row--default\"><div class=\"et_pb_column_1 et_pb_column et_flex_column et_pb_css_mix_blend_mode_passthrough preset--group--divi-column--divi-transition--default\" data-loop-item=\"0\">\n<div class=\"et_pb_icon_0 et_pb_icon et_clickable et_pb_module et_flex_module preset--group--divi-icon--divi-border--xq0vav5qgq preset--group--divi-icon--divi-spacing--9mqdml5iml preset--group--divi-icon--divi-transition--default\"><span class=\"et_pb_icon_wrap\"><a href=\"https:\/\/www.transportationcaribe.com\/en\/private-cenote-tour-discover-the-authentic-side-of-the-mexican-caribbean\/\" target=\"\"><span class=\"et-pb-icon\">&amp;<\/span><\/a><\/span><\/div>\n\n<div class=\"et_pb_group_0 et_pb_group et-last-child et_pb_module et_flex_group et_pb_css_mix_blend_mode_passthrough preset--group--divi-group--divi-border--nested--mj3bnfrtjf preset--group--divi-group--divi-transition--default preset--group--divi-group--divi-spacing--185c5n4d1p\">\n<div class=\"et_pb_text_0 et_pb_text et_pb_bg_layout_light et_pb_module et_block_module preset--group--divi-text--divi-border--oyn1qt75rf preset--group--divi-text--divi-spacing--8z1dk1japp preset--module--divi-text--vdkd52okjp\"><div class=\"et_pb_text_inner\"><p>Tours, Uncategorized<\/p>\n<\/div><\/div>\n\n<div class=\"et_pb_group_1 et_pb_group et-last-child et_pb_module et_flex_group et_pb_css_mix_blend_mode_passthrough preset--group--divi-group--divi-border--nested--mj3bnfrtjf preset--group--divi-group--divi-transition--default preset--group--divi-group--divi-spacing--y8hur1z4qt\">\n<div class=\"et_pb_heading_1 et_pb_heading et_clickable et_pb_module et_flex_module preset--group--divi-heading--divi-border--oyn1qt75rf preset--module--divi-heading--u4thaw23lf\"><div class=\"et_pb_heading_container\"><h3 class=\"et_pb_module_header\">Swimming with Turtles in Akumal: The Complete 2026 Guide + How to Do It From the Airport<\/h3><\/div><\/div>\n\n<div class=\"et_pb_text_1 et_pb_text et_pb_bg_layout_light et_pb_module et_flex_module preset--group--divi-text--divi-transition--default preset--group--divi-text--divi-font-body--default preset--module--divi-text--default\"><div class=\"et_pb_text_inner\"><p>February 12, 2026<\/p>\n<\/div><\/div>\n<\/div>\n<\/div>\n<\/div><div class=\"et_pb_column_2 et_pb_column et_flex_column et_pb_css_mix_blend_mode_passthrough preset--group--divi-column--divi-transition--default\" data-loop-item=\"1\">\n<div class=\"et_pb_icon_1 et_pb_icon et_clickable et_pb_module et_flex_module preset--group--divi-icon--divi-border--xq0vav5qgq preset--group--divi-icon--divi-spacing--9mqdml5iml preset--group--divi-icon--divi-transition--default\"><span class=\"et_pb_icon_wrap\"><a href=\"https:\/\/www.transportationcaribe.com\/en\/tour-chichen-itza-privado\/\" target=\"\"><span class=\"et-pb-icon\">&amp;<\/span><\/a><\/span><\/div>\n\n<div class=\"et_pb_group_2 et_pb_group et-last-child et_pb_module et_flex_group et_pb_css_mix_blend_mode_passthrough preset--group--divi-group--divi-border--nested--mj3bnfrtjf preset--group--divi-group--divi-transition--default preset--group--divi-group--divi-spacing--185c5n4d1p\">\n<div class=\"et_pb_text_2 et_pb_text et_pb_bg_layout_light et_pb_module et_block_module preset--group--divi-text--divi-border--oyn1qt75rf preset--group--divi-text--divi-spacing--8z1dk1japp preset--module--divi-text--vdkd52okjp\"><div class=\"et_pb_text_inner\"><p>Tours<\/p>\n<\/div><\/div>\n\n<div class=\"et_pb_group_3 et_pb_group et-last-child et_pb_module et_flex_group et_pb_css_mix_blend_mode_passthrough preset--group--divi-group--divi-border--nested--mj3bnfrtjf preset--group--divi-group--divi-transition--default preset--group--divi-group--divi-spacing--y8hur1z4qt\">\n<div class=\"et_pb_heading_2 et_pb_heading et_clickable et_pb_module et_flex_module preset--group--divi-heading--divi-border--oyn1qt75rf preset--module--divi-heading--u4thaw23lf\"><div class=\"et_pb_heading_container\"><h3 class=\"et_pb_module_header\">Complete 2026 Guide: Private Tour to Chich\u00e9n Itz\u00e1 from the Riviera Maya | What You Really Need to Know<\/h3><\/div><\/div>\n\n<div class=\"et_pb_text_3 et_pb_text et_pb_bg_layout_light et_pb_module et_flex_module preset--group--divi-text--divi-transition--default preset--group--divi-text--divi-font-body--default preset--module--divi-text--default\"><div class=\"et_pb_text_inner\"><p>February 12, 2026<\/p>\n<\/div><\/div>\n<\/div>\n<\/div>\n<\/div><div class=\"et_pb_column_3 et_pb_column et_flex_column et_pb_css_mix_blend_mode_passthrough preset--group--divi-column--divi-transition--default\" data-loop-item=\"2\">\n<div class=\"et_pb_icon_2 et_pb_icon et_clickable et_pb_module et_flex_module preset--group--divi-icon--divi-border--xq0vav5qgq preset--group--divi-icon--divi-spacing--9mqdml5iml preset--group--divi-icon--divi-transition--default\"><span class=\"et_pb_icon_wrap\"><a href=\"https:\/\/www.transportationcaribe.com\/en\/private-cenote-tour-riviera-maya\/\" target=\"\"><span class=\"et-pb-icon\">&amp;<\/span><\/a><\/span><\/div>\n\n<div class=\"et_pb_group_4 et_pb_group et-last-child et_pb_module et_flex_group et_pb_css_mix_blend_mode_passthrough preset--group--divi-group--divi-border--nested--mj3bnfrtjf preset--group--divi-group--divi-transition--default preset--group--divi-group--divi-spacing--185c5n4d1p\">\n<div class=\"et_pb_text_4 et_pb_text et_pb_bg_layout_light et_pb_module et_block_module preset--group--divi-text--divi-border--oyn1qt75rf preset--group--divi-text--divi-spacing--8z1dk1japp preset--module--divi-text--vdkd52okjp\"><div class=\"et_pb_text_inner\"><p>Tours, Transportation, Tulum<\/p>\n<\/div><\/div>\n\n<div class=\"et_pb_group_5 et_pb_group et-last-child et_pb_module et_flex_group et_pb_css_mix_blend_mode_passthrough preset--group--divi-group--divi-border--nested--mj3bnfrtjf preset--group--divi-group--divi-transition--default preset--group--divi-group--divi-spacing--y8hur1z4qt\">\n<div class=\"et_pb_heading_3 et_pb_heading et_clickable et_pb_module et_flex_module preset--group--divi-heading--divi-border--oyn1qt75rf preset--module--divi-heading--u4thaw23lf\"><div class=\"et_pb_heading_container\"><h3 class=\"et_pb_module_header\">Private Cenotes Tour: Explore the Authentic Mexican Caribbean<\/h3><\/div><\/div>\n\n<div class=\"et_pb_text_5 et_pb_text et_pb_bg_layout_light et_pb_module et_flex_module preset--group--divi-text--divi-transition--default preset--group--divi-text--divi-font-body--default preset--module--divi-text--default\"><div class=\"et_pb_text_inner\"><p>November 24, 2025<\/p>\n<\/div><\/div>\n<\/div>\n<\/div>\n<\/div><div class=\"et_pb_column_4 et_pb_column et-last-child et_flex_column et_pb_css_mix_blend_mode_passthrough preset--group--divi-column--divi-transition--default\" data-loop-item=\"3\">\n<div class=\"et_pb_icon_3 et_pb_icon et_clickable et_pb_module et_flex_module preset--group--divi-icon--divi-border--xq0vav5qgq preset--group--divi-icon--divi-spacing--9mqdml5iml preset--group--divi-icon--divi-transition--default\"><span class=\"et_pb_icon_wrap\"><a href=\"https:\/\/www.transportationcaribe.com\/en\/discover-the-magic-of-tulum\/\" target=\"\"><span class=\"et-pb-icon\">&amp;<\/span><\/a><\/span><\/div>\n\n<div class=\"et_pb_group_6 et_pb_group et-last-child et_pb_module et_flex_group et_pb_css_mix_blend_mode_passthrough preset--group--divi-group--divi-border--nested--mj3bnfrtjf preset--group--divi-group--divi-transition--default preset--group--divi-group--divi-spacing--185c5n4d1p\">\n<div class=\"et_pb_text_6 et_pb_text et_pb_bg_layout_light et_pb_module et_block_module preset--group--divi-text--divi-border--oyn1qt75rf preset--group--divi-text--divi-spacing--8z1dk1japp preset--module--divi-text--vdkd52okjp\"><div class=\"et_pb_text_inner\"><p>Tours, Transportation, Tulum<\/p>\n<\/div><\/div>\n\n<div class=\"et_pb_group_7 et_pb_group et-last-child et_pb_module et_flex_group et_pb_css_mix_blend_mode_passthrough preset--group--divi-group--divi-border--nested--mj3bnfrtjf preset--group--divi-group--divi-transition--default preset--group--divi-group--divi-spacing--y8hur1z4qt\">\n<div class=\"et_pb_heading_4 et_pb_heading et_clickable et_pb_module et_flex_module preset--group--divi-heading--divi-border--oyn1qt75rf preset--module--divi-heading--u4thaw23lf\"><div class=\"et_pb_heading_container\"><h3 class=\"et_pb_module_header\">Discover the magic of Tulum<\/h3><\/div><\/div>\n\n<div class=\"et_pb_text_7 et_pb_text et_pb_bg_layout_light et_pb_module et_flex_module preset--group--divi-text--divi-transition--default preset--group--divi-text--divi-font-body--default preset--module--divi-text--default\"><div class=\"et_pb_text_inner\"><p>November 24, 2025<\/p>\n<\/div><\/div>\n<\/div>\n<\/div>\n<\/div><\/div>\n<\/div><div class=\"et_pb_section_1 et_pb_section et_pb_section--fixed et_section_regular et_flex_section et_animated et-interaction-target-8kxwfl63yk preset--group--divi-section--divi-border--uybmqrc9d8 preset--group--divi-section--divi-transition--default preset--group--divi-section--divi-background--87k68iw5tq preset--module--divi-section--default\" data-interaction-trigger=\"e0jpkclnj9\" data-interaction-target=\"8kxwfl63yk\"><div class=\"et_pb_row_2 et_pb_row et_flex_row preset--group--divi-row--divi-transition--default preset--module--divi-row--default\"><div class=\"et_pb_column_5 et_pb_column et-last-child et_flex_column et_pb_css_mix_blend_mode_passthrough et_flex_column_24_24 et_flex_column_24_24_tablet et_flex_column_24_24_phone preset--group--divi-column--divi-transition--default\"><div class=\"et_pb_icon_4 et_pb_icon et_pb_module et_flex_module preset--group--divi-icon--divi-transition--default\" data-interaction-trigger=\"zc87vj7fy1\"><span class=\"et_pb_icon_wrap\"><span class=\"et-pb-icon\">\uf00d<\/span><\/span><\/div><\/div><\/div><div class=\"et_pb_row_3 et_pb_row et_flex_row preset--group--divi-row--divi-transition--default preset--module--divi-row--default\"><div class=\"et_pb_column_6 et_pb_column et_flex_column et_pb_css_mix_blend_mode_passthrough et_flex_column_2_5 et_flex_column_2_5_tablet et_flex_column_24_24_phone preset--group--divi-column--divi-transition--default\"><div class=\"et_pb_video_0 et_pb_video et_pb_module et_flex_module preset--group--divi-video--divi-border--uybmqrc9d8 preset--group--divi-video--divi-box-shadow--3mvddw2lkk preset--group--divi-video--divi-transition--default\"><div class=\"et_pb_video_box\"><video controls><source type=\"video\/mp4\" src=\"https:\/\/transportationcaribe.com\/wp-content\/uploads\/2026\/03\/video-promo.mp4\" \/><\/video><\/div><div class=\"et_pb_video_overlay\" style=\"background-image:url(https:\/\/transportationcaribe.com\/wp-content\/uploads\/2026\/03\/Caribe-Nut-Storie-IMG-41.webp)\"><div class=\"et_pb_video_overlay_hover\"><a class=\"et_pb_video_play\" href=\"#\"><\/a><\/div><\/div><\/div><\/div><div class=\"et_pb_column_7 et_pb_column et-last-child et_flex_column et_pb_css_mix_blend_mode_passthrough et_flex_column_3_5 et_flex_column_3_5_tablet et_flex_column_24_24_phone preset--group--divi-column--divi-transition--default\"><div class=\"et_pb_heading_5 et_pb_heading et_pb_module et_flex_module preset--module--divi-heading--u4thaw23lf\"><div class=\"et_pb_heading_container\"><h3 class=\"et_pb_module_header\">Tu para\u00edso comienza aqu\u00ed: 15% off en traslados en Canc\u00fan.<\/h3><\/div><\/div><div class=\"et_pb_text_8 et_pb_text et_pb_bg_layout_light et_pb_module et_flex_module preset--module--divi-text--vdkd52okjp\"><div class=\"et_pb_text_inner\"><p>15% de descuento reservando tu viaje redondo Aeropuerto Canc\u00fan- Hotel - Aeropuerto Cancun<\/p>\n<\/div><\/div><div class=\"et_pb_group_8 et_pb_group et_pb_module et_flex_group et_pb_css_mix_blend_mode_passthrough preset--group--divi-group--divi-border--nested--mj3bnfrtjf preset--group--divi-group--divi-transition--default\"><div class=\"et_pb_module et_pb_button_module_wrapper et_pb_button_0_wrapper preset--module--divi-button--default_wrapper preset--module--divi-button--376xs5bekj_wrapper\"><a class=\"et_pb_button_0 et_pb_button et_pb_bg_layout_light et_pb_module et_flex_module preset--module--divi-button--default preset--module--divi-button--376xs5bekj\" href=\"https:\/\/www.transportationcaribe.com\/contacto\/\">\u00a1Reserva Ahora!<\/a><\/div><div class=\"et_pb_module et_pb_button_module_wrapper et_pb_button_1_wrapper preset--module--divi-button--default_wrapper preset--module--divi-button--20q4hhwy4c_wrapper\"><a class=\"et_pb_button_1 et_pb_button et_pb_bg_layout_light et_pb_module et_flex_module preset--module--divi-button--default preset--module--divi-button--20q4hhwy4c\" href=\"https:\/\/www.transportationcaribe.com\/servicios\/\">Nuestros Servicios<\/a><\/div><\/div><div class=\"et_pb_divider_0 et_pb_divider_hidden et_pb_space et_pb_divider_position_top et_pb_module preset--group--divi-divider--divi-transition--default\" data-interaction-trigger=\"drwz7i5srd\" id=\"diviExitTrigger\"><div class=\"et_pb_divider_internal\"><\/div><\/div><\/div><\/div><\/div>","protected":false},"excerpt":{"rendered":"<p>\uf00dTu para\u00edso comienza aqu\u00ed: 15% off en traslados en Canc\u00fan.15% de descuento reservando tu viaje redondo Aeropuerto Canc\u00fan- Hotel &#8211; Aeropuerto Cancun \u00a1Reserva Ahora!Nuestros Servicios<\/p>\n","protected":false},"author":1,"featured_media":223147,"parent":0,"menu_order":0,"comment_status":"closed","ping_status":"closed","template":"","meta":{"_acf_changed":false,"footnotes":""},"class_list":["post-223149","page","type-page","status-publish","has-post-thumbnail","hentry"],"acf":[],"_links":{"self":[{"href":"https:\/\/www.transportationcaribe.com\/en\/wp-json\/wp\/v2\/pages\/223149","targetHints":{"allow":["GET"]}}],"collection":[{"href":"https:\/\/www.transportationcaribe.com\/en\/wp-json\/wp\/v2\/pages"}],"about":[{"href":"https:\/\/www.transportationcaribe.com\/en\/wp-json\/wp\/v2\/types\/page"}],"author":[{"embeddable":true,"href":"https:\/\/www.transportationcaribe.com\/en\/wp-json\/wp\/v2\/users\/1"}],"replies":[{"embeddable":true,"href":"https:\/\/www.transportationcaribe.com\/en\/wp-json\/wp\/v2\/comments?post=223149"}],"version-history":[{"count":1,"href":"https:\/\/www.transportationcaribe.com\/en\/wp-json\/wp\/v2\/pages\/223149\/revisions"}],"predecessor-version":[{"id":223150,"href":"https:\/\/www.transportationcaribe.com\/en\/wp-json\/wp\/v2\/pages\/223149\/revisions\/223150"}],"wp:featuredmedia":[{"embeddable":true,"href":"https:\/\/www.transportationcaribe.com\/en\/wp-json\/wp\/v2\/media\/223147"}],"wp:attachment":[{"href":"https:\/\/www.transportationcaribe.com\/en\/wp-json\/wp\/v2\/media?parent=223149"}],"curies":[{"name":"wp","href":"https:\/\/api.w.org\/{rel}","templated":true}]}}