{"id":223151,"date":"2026-03-09T23:12:50","date_gmt":"2026-03-10T05:12:50","guid":{"rendered":"https:\/\/transportationcaribe.com\/contacto\/"},"modified":"2026-04-12T23:53:54","modified_gmt":"2026-04-13T05:53:54","slug":"contacto","status":"publish","type":"page","link":"https:\/\/www.transportationcaribe.com\/en\/contacto\/","title":{"rendered":"Contacto"},"content":{"rendered":"<style id=\"divi-off-canvas-hide-on-load\">\n[data-interaction-target=\"8kxwfl63yk\"] { display: none !important; }\n<\/style>\n<div class=\"et_pb_section_0 et_pb_section et_section_regular et_flex_section preset--group--divi-section--divi-transition--default preset--group--divi-section--divi-background--87k68iw5tq preset--module--divi-section--default\">\n<div class=\"et_pb_row_0 et_pb_row et_flex_row preset--group--divi-row--divi-transition--default preset--module--divi-row--default\">\n<div class=\"et_pb_column_0 et_pb_column et-last-child et_flex_column et_pb_css_mix_blend_mode_passthrough et_flex_column_24_24 et_flex_column_24_24_tablet et_flex_column_24_24_phone preset--group--divi-column--divi-transition--default\">\n<div class=\"et_pb_heading_0 et_pb_heading et_pb_module et_flex_module preset--module--divi-heading--u4thaw23lf preset--module--divi-heading--z9zbjtabxd\"><div class=\"et_pb_heading_container\"><h1 class=\"et_pb_module_header\">Contact us and let's travel together!<\/h1><\/div><\/div>\n<\/div>\n<\/div>\n\n<div class=\"et_pb_row_1 et_pb_row et_flex_row preset--group--divi-row--divi-transition--default preset--module--divi-row--default\">\n<div class=\"et_pb_column_1 et_pb_column et_flex_column et_pb_css_mix_blend_mode_passthrough et_flex_column_12_24 et_flex_column_12_24_tablet et_flex_column_24_24_phone preset--group--divi-column--divi-transition--default\">\n<div class=\"et_pb_heading_1 et_pb_heading et_pb_module et_flex_module preset--module--divi-heading--u4thaw23lf preset--module--divi-heading--v824uglfum\"><div class=\"et_pb_heading_container\"><h2 class=\"et_pb_module_header\">Contact Form<\/h2><\/div><\/div>\n\n<div class=\"et_pb_code_0 et_pb_code et_pb_module glass preset--group--divi-code--divi-transition--default\"><div class=\"et_pb_code_inner\"><div class=\"forminator-ui forminator-custom-form forminator-custom-form-223268 forminator-design--flat  forminator_ajax\" data-forminator-render=\"0\" data-form=\"forminator-module-223268\" data-uid=\"69e241092a6c8\"><br\/><\/div><form\n\t\t\t\tid=\"forminator-module-223268\"\n\t\t\t\tclass=\"forminator-ui forminator-custom-form forminator-custom-form-223268 forminator-design--flat  forminator_ajax\"\n\t\t\t\tmethod=\"post\"\n\t\t\t\tdata-forminator-render=\"0\"\n\t\t\t\tdata-form-id=\"223268\"\n\t\t\t\t data-color-option=\"theme\" data-design=\"flat\" data-grid=\"open\" style=\"display: none;\"\n\t\t\t\tdata-uid=\"69e241092a6c8\"\n\t\t\t><div role=\"alert\" aria-live=\"polite\" class=\"forminator-response-message forminator-error\" aria-hidden=\"true\"><\/div><div class=\"forminator-row\"><div id=\"name-1\" class=\"forminator-field-name forminator-col forminator-col-12 \"><div class=\"forminator-field\"><label for=\"forminator-field-name-1_69e241092a6c8\" id=\"forminator-field-name-1_69e241092a6c8-label\" class=\"forminator-label\">First Name <span class=\"forminator-required\">*<\/span><\/label><input type=\"text\" name=\"name-1\" value=\"\" placeholder=\"Nombre\" id=\"forminator-field-name-1_69e241092a6c8\" class=\"forminator-input forminator-name--field\" aria-required=\"true\" autocomplete=\"name\" \/><\/div><\/div><\/div><div class=\"forminator-row\"><div id=\"email-1\" class=\"forminator-field-email forminator-col forminator-col-12 \"><div class=\"forminator-field\"><label for=\"forminator-field-email-1_69e241092a6c8\" id=\"forminator-field-email-1_69e241092a6c8-label\" class=\"forminator-label\">Email Address <span class=\"forminator-required\">*<\/span><\/label><input type=\"email\" name=\"email-1\" value=\"\" placeholder=\"Correo electr\u00f3nico\" id=\"forminator-field-email-1_69e241092a6c8\" class=\"forminator-input forminator-email--field\" data-required=\"true\" aria-required=\"true\" autocomplete=\"email\" \/><\/div><\/div><\/div><div class=\"forminator-row\"><div id=\"phone-1\" class=\"forminator-field-phone forminator-col forminator-col-12 \"><div class=\"forminator-field\"><label for=\"forminator-field-phone-1_69e241092a6c8\" id=\"forminator-field-phone-1_69e241092a6c8-label\" class=\"forminator-label\">Phone Number<\/label><input type=\"text\" name=\"phone-1\" value=\"\" placeholder=\"N\u00famero Telef\u00f3nico\" id=\"forminator-field-phone-1_69e241092a6c8\" class=\"forminator-input forminator-field--phone\" data-required=\"\" aria-required=\"false\" autocomplete=\"off\" data-national_mode=\"disabled\" data-country=\"US\" data-validation=\"international\" \/><\/div><\/div><\/div><div class=\"forminator-row\"><div id=\"textarea-1\" class=\"forminator-field-textarea forminator-col forminator-col-12 \"><div class=\"forminator-field\"><label for=\"forminator-field-textarea-1_69e241092a6c8\" id=\"forminator-field-textarea-1_69e241092a6c8-label\" class=\"forminator-label\">Message<\/label><span id=\"forminator-field-textarea-1_69e241092a6c8-description\" class=\"forminator-description\"><span data-limit=\"180\" data-type=\"characters\" data-editor=\"\">0 \/ 180<\/span><\/span><textarea name=\"textarea-1\" placeholder=\"Mensaje\" id=\"forminator-field-textarea-1_69e241092a6c8\" class=\"forminator-textarea\" rows=\"6\" style=\"min-height:140px;\" maxlength=\"180\" ><\/textarea><\/div><\/div><\/div><input type=\"hidden\" name=\"referer_url\" value=\"\" \/><div class=\"forminator-row forminator-row-last\"><div class=\"forminator-col\"><div class=\"forminator-field\"><button class=\"forminator-button forminator-button-submit\">Enviar<\/button><\/div><\/div><\/div><input type=\"hidden\" id=\"forminator_nonce\" name=\"forminator_nonce\" value=\"1cb261566f\" \/><input type=\"hidden\" name=\"_wp_http_referer\" value=\"\/en\/wp-json\/wp\/v2\/pages\/223151\" \/><input type=\"hidden\" name=\"form_id\" value=\"223268\"><input type=\"hidden\" name=\"page_id\" value=\"223151\"><input type=\"hidden\" name=\"form_type\" value=\"default\"><input type=\"hidden\" name=\"current_url\" value=\"https:\/\/www.transportationcaribe.com\/en\/contacto\/\"><input type=\"hidden\" name=\"render_id\" value=\"0\"><input type=\"hidden\" name=\"action\" value=\"forminator_submit_form_custom-forms\"><\/form><\/div><\/div>\n<\/div>\n\n<div class=\"et_pb_column_2 et_pb_column et-last-child et_flex_column et_pb_css_mix_blend_mode_passthrough et_flex_column_12_24 et_flex_column_12_24_tablet et_flex_column_24_24_phone preset--group--divi-column--divi-transition--default\">\n<div class=\"et_pb_heading_2 et_pb_heading et_pb_module et_flex_module preset--module--divi-heading--u4thaw23lf preset--module--divi-heading--v824uglfum\"><div class=\"et_pb_heading_container\"><h3 class=\"et_pb_module_header\">More contact options<\/h3><\/div><\/div>\n\n<div class=\"et_pb_blurb_0 et_pb_blurb et_pb_bg_layout_light et_pb_blurb_position_left et_clickable et_pb_module et_flex_module preset--group--divi-blurb--divi-spacing--k8aihl1xc4 preset--module--divi-blurb--0q6kmazov6\"><div class=\"et_pb_blurb_content et_flex_module\"><div class=\"et_pb_main_blurb_image\"><span class=\"et_pb_image_wrap et_pb_only_image_mode_wrap\"><img loading=\"lazy\" decoding=\"async\" src=\"https:\/\/transportationcaribe.com\/wp-content\/uploads\/2026\/03\/icons8-phone-bubble-100.png\" width=\"100\" height=\"100\" srcset=\"https:\/\/transportationcaribe.com\/wp-content\/uploads\/2026\/03\/icons8-phone-bubble-100.png 100w\" sizes=\"(max-width: 100px) 100vw, 100px\" class=\"et-waypoint et_pb_animation_top et_pb_animation_top_tablet et_pb_animation_top_phone wp-image-807\" title=\"icons8-phone-bubble-100\" alt=\"\"><\/span><\/div><div class=\"et_pb_blurb_container\"><div class=\"et_pb_blurb_description\"><p>+529847455582<\/p>\n<\/div><\/div><\/div><\/div>\n\n<div class=\"et_pb_blurb_1 et_pb_blurb et_pb_bg_layout_light et_pb_blurb_position_left et_clickable et_pb_module et_flex_module preset--group--divi-blurb--divi-spacing--k8aihl1xc4 preset--module--divi-blurb--0q6kmazov6\"><div class=\"et_pb_blurb_content et_flex_module\"><div class=\"et_pb_main_blurb_image\"><span class=\"et_pb_image_wrap et_pb_only_image_mode_wrap\"><img loading=\"lazy\" decoding=\"async\" src=\"https:\/\/transportationcaribe.com\/wp-content\/uploads\/2026\/03\/icons8-mobile-email-100.png\" width=\"100\" height=\"100\" srcset=\"https:\/\/transportationcaribe.com\/wp-content\/uploads\/2026\/03\/icons8-mobile-email-100.png 100w\" sizes=\"(max-width: 100px) 100vw, 100px\" class=\"et-waypoint et_pb_animation_top et_pb_animation_top_tablet et_pb_animation_top_phone wp-image-812\" title=\"icons8-mobile-email-100\" alt=\"\"><\/span><\/div><div class=\"et_pb_blurb_container\"><div class=\"et_pb_blurb_description\"><p>reservaciones@transportationcaribe.com<\/p>\n<\/div><\/div><\/div><\/div>\n\n<ul class=\"et_pb_social_media_follow_0 et_pb_social_media_follow et_pb_bg_layout_light et_pb_module et_flex_module preset--group--divi-social-media-follow--divi-transition--default\">\n<li class=\"et_pb_social_media_follow_network_0 et_pb_social_media_follow_network et_pb_social_icon et_pb_social_network_link et-pb-social-fa-icon et-social-tripadvisor et_pb_module et_flex_module preset--group--divi-social-media-follow-network--divi-transition--default\"><a href=\"https:\/\/www.tripadvisor.com\/Attraction_Review-g150807-d23804949-Reviews-Caribe_Nut_Transportadora-Cancun_Yucatan_Peninsula.html\" class=\"icon\" target=\"_blank\" title=\"Follow on TripAdvisor\" rel=\"noopener\"><span class=\"et_pb_social_media_follow_network_name\">Follow<\/span><\/a><\/li>\n\n<li class=\"et_pb_social_media_follow_network_1 et_pb_social_media_follow_network et_pb_social_icon et_pb_social_network_link et-social-facebook et_pb_module et_flex_module preset--group--divi-social-media-follow-network--divi-transition--default\"><a href=\"https:\/\/www.facebook.com\/Caribenuttransportadora\/\" class=\"icon\" target=\"_blank\" title=\"Follow on Facebook\" rel=\"noopener\"><span class=\"et_pb_social_media_follow_network_name\">Follow<\/span><\/a><\/li>\n\n<li class=\"et_pb_social_media_follow_network_2 et_pb_social_media_follow_network et_pb_social_icon et_pb_social_network_link et-social-instagram et_pb_module et_flex_module preset--group--divi-social-media-follow-network--divi-transition--default\"><a href=\"https:\/\/www.instagram.com\/caribetransportadora\/\" class=\"icon\" target=\"_blank\" title=\"Follow on Instagram\" rel=\"noopener\"><span class=\"et_pb_social_media_follow_network_name\">Follow<\/span><\/a><\/li>\n<\/ul>\n<\/div>\n<\/div>\n<\/div><div class=\"et_pb_section_1 et_pb_section et_pb_section--fixed et_section_regular et_flex_section et_animated et-interaction-target-8kxwfl63yk preset--group--divi-section--divi-border--uybmqrc9d8 preset--group--divi-section--divi-transition--default preset--group--divi-section--divi-background--87k68iw5tq preset--module--divi-section--default\" data-interaction-trigger=\"e0jpkclnj9\" data-interaction-target=\"8kxwfl63yk\"><div class=\"et_pb_row_2 et_pb_row et_flex_row preset--group--divi-row--divi-transition--default preset--module--divi-row--default\"><div class=\"et_pb_column_3 et_pb_column et-last-child et_flex_column et_pb_css_mix_blend_mode_passthrough et_flex_column_24_24 et_flex_column_24_24_tablet et_flex_column_24_24_phone preset--group--divi-column--divi-transition--default\"><div class=\"et_pb_icon_0 et_pb_icon et_pb_module et_flex_module preset--group--divi-icon--divi-transition--default\" data-interaction-trigger=\"zc87vj7fy1\"><span class=\"et_pb_icon_wrap\"><span class=\"et-pb-icon\">\uf00d<\/span><\/span><\/div><\/div><\/div><div class=\"et_pb_row_3 et_pb_row et_flex_row preset--group--divi-row--divi-transition--default preset--module--divi-row--default\"><div class=\"et_pb_column_4 et_pb_column et_flex_column et_pb_css_mix_blend_mode_passthrough et_flex_column_2_5 et_flex_column_2_5_tablet et_flex_column_24_24_phone preset--group--divi-column--divi-transition--default\"><div class=\"et_pb_video_0 et_pb_video et_pb_module et_flex_module preset--group--divi-video--divi-border--uybmqrc9d8 preset--group--divi-video--divi-box-shadow--3mvddw2lkk preset--group--divi-video--divi-transition--default\"><div class=\"et_pb_video_box\"><video controls><source type=\"video\/mp4\" src=\"https:\/\/transportationcaribe.com\/wp-content\/uploads\/2026\/03\/video-promo.mp4\" \/><\/video><\/div><div class=\"et_pb_video_overlay\" style=\"background-image:url(https:\/\/transportationcaribe.com\/wp-content\/uploads\/2026\/03\/Caribe-Nut-Storie-IMG-41.webp)\"><div class=\"et_pb_video_overlay_hover\"><a class=\"et_pb_video_play\" href=\"#\"><\/a><\/div><\/div><\/div><\/div><div class=\"et_pb_column_5 et_pb_column et-last-child et_flex_column et_pb_css_mix_blend_mode_passthrough et_flex_column_3_5 et_flex_column_3_5_tablet et_flex_column_24_24_phone preset--group--divi-column--divi-transition--default\"><div class=\"et_pb_heading_3 et_pb_heading et_pb_module et_flex_module preset--module--divi-heading--u4thaw23lf\"><div class=\"et_pb_heading_container\"><h3 class=\"et_pb_module_header\">Tu para\u00edso comienza aqu\u00ed: 15% off en traslados en Canc\u00fan.<\/h3><\/div><\/div><div class=\"et_pb_text_0 et_pb_text et_pb_bg_layout_light et_pb_module et_flex_module preset--module--divi-text--vdkd52okjp\"><div class=\"et_pb_text_inner\"><p>15% de descuento reservando tu viaje redondo Aeropuerto Canc\u00fan- Hotel - Aeropuerto Cancun<\/p>\n<\/div><\/div><div class=\"et_pb_group_0 et_pb_group et_pb_module et_flex_group et_pb_css_mix_blend_mode_passthrough preset--group--divi-group--divi-border--nested--mj3bnfrtjf preset--group--divi-group--divi-transition--default\"><div class=\"et_pb_module et_pb_button_module_wrapper et_pb_button_0_wrapper preset--module--divi-button--default_wrapper preset--module--divi-button--376xs5bekj_wrapper\"><a class=\"et_pb_button_0 et_pb_button et_pb_bg_layout_light et_pb_module et_flex_module preset--module--divi-button--default preset--module--divi-button--376xs5bekj\" href=\"https:\/\/www.transportationcaribe.com\/contacto\/\">\u00a1Reserva Ahora!<\/a><\/div><div class=\"et_pb_module et_pb_button_module_wrapper et_pb_button_1_wrapper preset--module--divi-button--default_wrapper preset--module--divi-button--20q4hhwy4c_wrapper\"><a class=\"et_pb_button_1 et_pb_button et_pb_bg_layout_light et_pb_module et_flex_module preset--module--divi-button--default preset--module--divi-button--20q4hhwy4c\" href=\"https:\/\/www.transportationcaribe.com\/servicios\/\">Nuestros Servicios<\/a><\/div><\/div><div class=\"et_pb_divider_0 et_pb_divider_hidden et_pb_space et_pb_divider_position_top et_pb_module preset--group--divi-divider--divi-transition--default\" data-interaction-trigger=\"drwz7i5srd\" id=\"diviExitTrigger\"><div class=\"et_pb_divider_internal\"><\/div><\/div><\/div><\/div><\/div>","protected":false},"excerpt":{"rendered":"<p>\uf00dTu para\u00edso comienza aqu\u00ed: 15% off en traslados en Canc\u00fan.15% de descuento reservando tu viaje redondo Aeropuerto Canc\u00fan- Hotel &#8211; Aeropuerto Cancun \u00a1Reserva Ahora!Nuestros Servicios<\/p>\n","protected":false},"author":1,"featured_media":223148,"parent":0,"menu_order":0,"comment_status":"closed","ping_status":"closed","template":"","meta":{"_acf_changed":false,"footnotes":""},"class_list":["post-223151","page","type-page","status-publish","has-post-thumbnail","hentry"],"acf":[],"_links":{"self":[{"href":"https:\/\/www.transportationcaribe.com\/en\/wp-json\/wp\/v2\/pages\/223151","targetHints":{"allow":["GET"]}}],"collection":[{"href":"https:\/\/www.transportationcaribe.com\/en\/wp-json\/wp\/v2\/pages"}],"about":[{"href":"https:\/\/www.transportationcaribe.com\/en\/wp-json\/wp\/v2\/types\/page"}],"author":[{"embeddable":true,"href":"https:\/\/www.transportationcaribe.com\/en\/wp-json\/wp\/v2\/users\/1"}],"replies":[{"embeddable":true,"href":"https:\/\/www.transportationcaribe.com\/en\/wp-json\/wp\/v2\/comments?post=223151"}],"version-history":[{"count":2,"href":"https:\/\/www.transportationcaribe.com\/en\/wp-json\/wp\/v2\/pages\/223151\/revisions"}],"predecessor-version":[{"id":223294,"href":"https:\/\/www.transportationcaribe.com\/en\/wp-json\/wp\/v2\/pages\/223151\/revisions\/223294"}],"wp:featuredmedia":[{"embeddable":true,"href":"https:\/\/www.transportationcaribe.com\/en\/wp-json\/wp\/v2\/media\/223148"}],"wp:attachment":[{"href":"https:\/\/www.transportationcaribe.com\/en\/wp-json\/wp\/v2\/media?parent=223151"}],"curies":[{"name":"wp","href":"https:\/\/api.w.org\/{rel}","templated":true}]}}