{"id":223154,"date":"2026-03-10T02:51:51","date_gmt":"2026-03-10T08:51:51","guid":{"rendered":"https:\/\/transportationcaribe.com\/services\/"},"modified":"2026-04-12T23:54:33","modified_gmt":"2026-04-13T05:54:33","slug":"services","status":"publish","type":"page","link":"https:\/\/www.transportationcaribe.com\/en\/services\/","title":{"rendered":"Services<br>"},"content":{"rendered":"<style id=\"divi-off-canvas-hide-on-load\">\n[data-interaction-target=\"8kxwfl63yk\"] { display: none !important; }\n<\/style>\n<div class=\"et_pb_section_0 et_pb_section et_section_regular et_flex_section preset--group--divi-section--divi-transition--default preset--module--divi-section--default\">\n<div class=\"et_pb_row_0 et_pb_row et_flex_row preset--group--divi-row--divi-transition--default preset--module--divi-row--default\">\n<div class=\"et_pb_column_0 et_pb_column et-last-child et_flex_column et_pb_css_mix_blend_mode_passthrough et_flex_column_24_24 et_flex_column_24_24_tablet et_flex_column_24_24_phone preset--group--divi-column--divi-transition--default\">\n<div class=\"et_pb_heading_0 et_pb_heading et_pb_module et_flex_module preset--module--divi-heading--u4thaw23lf\"><div class=\"et_pb_heading_container\"><h1 class=\"et_pb_module_header\">Private Transportation Services<\/h1><\/div><\/div>\n\n<div class=\"et_pb_text_0 et_pb_text et_pb_bg_layout_light et_pb_module et_flex_module preset--group--divi-text--divi-transition--default preset--group--divi-text--divi-font-body--default preset--module--divi-text--default\"><div class=\"et_pb_text_inner\"><p>Discover our private transportation services in the Riviera Maya, designed to provide comfort, safety, and punctuality throughout your trip. We offer transfers to and from Cancun or Tulum Airport, hotel-to-hotel transportation, round-trip services, and open transportation so you can move freely around the region. Travel in comfortable vehicles with a professional driver and enjoy a reliable, personalized transportation experience.  <\/p>\n<\/div><\/div>\n<\/div>\n<\/div>\n\n<div class=\"et_pb_row_1 et_pb_row et_flex_row preset--group--divi-row--divi-transition--default preset--module--divi-row--default\">\n<div class=\"et_pb_column_1 et_pb_column et-last-child et_grid_column et_pb_css_mix_blend_mode_passthrough et_flex_column_24_24 et_flex_column_24_24_tablet et_flex_column_24_24_phone preset--group--divi-column--divi-transition--default\"><div class=\"et_pb_group_0 et_pb_group et_pb_module et_flex_group et_pb_css_mix_blend_mode_passthrough filter-primary preset--group--divi-group--divi-border--nested--mj3bnfrtjf preset--group--divi-group--divi-transition--default\" data-loop-item=\"0\">\n<div class=\"et_pb_blurb_0 et_pb_blurb et_pb_bg_layout_light et_pb_blurb_position_left et_pb_module et_flex_module preset--module--divi-blurb--0q6kmazov6\"><div class=\"et_pb_blurb_content et_flex_module\"><div class=\"et_pb_main_blurb_image\"><span class=\"et_pb_image_wrap et_pb_only_image_mode_wrap\"><img loading=\"lazy\" decoding=\"async\" src=\"https:\/\/www.transportationcaribe.com\/wp-content\/uploads\/2026\/03\/icons8-airplane-100.png\" width=\"100\" height=\"100\" sizes=\"(max-width: 100px) 100vw, 100px\" class=\"et-waypoint et_pb_animation_top et_pb_animation_top_tablet et_pb_animation_top_phone wp-image-649\" title=\"icons8-suv-100\" alt=\"\"><\/span><\/div><div class=\"et_pb_blurb_container\"><h4 class=\"et_pb_module_header\">Airport Transportation to\/from Cancun\/Tulum<\/h4><\/div><\/div><\/div>\n\n<div class=\"et_pb_module et_pb_button_module_wrapper et_pb_button_0_wrapper preset--module--divi-button--default_wrapper preset--module--divi-button--ir4k6h0nhp_wrapper\"><a class=\"et_pb_button_0 et_pb_button et_pb_bg_layout_light et_pb_module et_flex_module preset--module--divi-button--default preset--module--divi-button--ir4k6h0nhp\" href=\"https:\/\/www.transportationcaribe.com\/en\/service\/airport-transportation-to-from-cancun-tulum\/\">Book your trip now<\/a><\/div>\n<\/div><div class=\"et_pb_group_1 et_pb_group et_pb_module et_flex_group et_pb_css_mix_blend_mode_passthrough filter-primary preset--group--divi-group--divi-border--nested--mj3bnfrtjf preset--group--divi-group--divi-transition--default\" data-loop-item=\"1\">\n<div class=\"et_pb_blurb_1 et_pb_blurb et_pb_bg_layout_light et_pb_blurb_position_left et_pb_module et_flex_module preset--module--divi-blurb--0q6kmazov6\"><div class=\"et_pb_blurb_content et_flex_module\"><div class=\"et_pb_main_blurb_image\"><span class=\"et_pb_image_wrap et_pb_only_image_mode_wrap\"><img loading=\"lazy\" decoding=\"async\" src=\"https:\/\/www.transportationcaribe.com\/wp-content\/uploads\/2026\/03\/icons8-carpool-100.png\" width=\"100\" height=\"100\" sizes=\"(max-width: 100px) 100vw, 100px\" class=\"et-waypoint et_pb_animation_top et_pb_animation_top_tablet et_pb_animation_top_phone wp-image-649\" title=\"icons8-suv-100\" alt=\"\"><\/span><\/div><div class=\"et_pb_blurb_container\"><h4 class=\"et_pb_module_header\">Flexible Transportation Service in the Riviera Maya<\/h4><\/div><\/div><\/div>\n\n<div class=\"et_pb_module et_pb_button_module_wrapper et_pb_button_1_wrapper preset--module--divi-button--default_wrapper preset--module--divi-button--ir4k6h0nhp_wrapper\"><a class=\"et_pb_button_1 et_pb_button et_pb_bg_layout_light et_pb_module et_flex_module preset--module--divi-button--default preset--module--divi-button--ir4k6h0nhp\" href=\"https:\/\/www.transportationcaribe.com\/en\/service\/flexible-transportation-service-in-the-riviera-maya\/\">Book your trip now<\/a><\/div>\n<\/div><div class=\"et_pb_group_2 et_pb_group et_pb_module et_flex_group et_pb_css_mix_blend_mode_passthrough filter-primary preset--group--divi-group--divi-border--nested--mj3bnfrtjf preset--group--divi-group--divi-transition--default\" data-loop-item=\"2\">\n<div class=\"et_pb_blurb_2 et_pb_blurb et_pb_bg_layout_light et_pb_blurb_position_left et_pb_module et_flex_module preset--module--divi-blurb--0q6kmazov6\"><div class=\"et_pb_blurb_content et_flex_module\"><div class=\"et_pb_main_blurb_image\"><span class=\"et_pb_image_wrap et_pb_only_image_mode_wrap\"><img loading=\"lazy\" decoding=\"async\" src=\"https:\/\/www.transportationcaribe.com\/wp-content\/uploads\/2026\/03\/icons8-hotel-100.png\" width=\"100\" height=\"100\" sizes=\"(max-width: 100px) 100vw, 100px\" class=\"et-waypoint et_pb_animation_top et_pb_animation_top_tablet et_pb_animation_top_phone wp-image-649\" title=\"icons8-suv-100\" alt=\"\"><\/span><\/div><div class=\"et_pb_blurb_container\"><h4 class=\"et_pb_module_header\">Hotel to Hotel Transportation<\/h4><\/div><\/div><\/div>\n\n<div class=\"et_pb_module et_pb_button_module_wrapper et_pb_button_2_wrapper preset--module--divi-button--default_wrapper preset--module--divi-button--ir4k6h0nhp_wrapper\"><a class=\"et_pb_button_2 et_pb_button et_pb_bg_layout_light et_pb_module et_flex_module preset--module--divi-button--default preset--module--divi-button--ir4k6h0nhp\" href=\"https:\/\/www.transportationcaribe.com\/en\/service\/hotel-to-hotel-transportation\/\">Book your trip now<\/a><\/div>\n<\/div><div class=\"et_pb_group_3 et_pb_group et-last-child et_pb_module et_flex_group et_pb_css_mix_blend_mode_passthrough filter-primary preset--group--divi-group--divi-border--nested--mj3bnfrtjf preset--group--divi-group--divi-transition--default\" data-loop-item=\"3\">\n<div class=\"et_pb_blurb_3 et_pb_blurb et_pb_bg_layout_light et_pb_blurb_position_left et_pb_module et_flex_module preset--module--divi-blurb--0q6kmazov6\"><div class=\"et_pb_blurb_content et_flex_module\"><div class=\"et_pb_main_blurb_image\"><span class=\"et_pb_image_wrap et_pb_only_image_mode_wrap\"><img loading=\"lazy\" decoding=\"async\" src=\"https:\/\/www.transportationcaribe.com\/wp-content\/uploads\/2026\/03\/icons8-location-100.png\" width=\"100\" height=\"100\" sizes=\"(max-width: 100px) 100vw, 100px\" class=\"et-waypoint et_pb_animation_top et_pb_animation_top_tablet et_pb_animation_top_phone wp-image-649\" title=\"icons8-suv-100\" alt=\"\"><\/span><\/div><div class=\"et_pb_blurb_container\"><h4 class=\"et_pb_module_header\">Round-Trip Transportation Service<\/h4><\/div><\/div><\/div>\n\n<div class=\"et_pb_module et_pb_button_module_wrapper et_pb_button_3_wrapper preset--module--divi-button--default_wrapper preset--module--divi-button--ir4k6h0nhp_wrapper\"><a class=\"et_pb_button_3 et_pb_button et_pb_bg_layout_light et_pb_module et_flex_module preset--module--divi-button--default preset--module--divi-button--ir4k6h0nhp\" href=\"https:\/\/www.transportationcaribe.com\/en\/service\/round-trip-transportation-service\/\">Book your trip now<\/a><\/div>\n<\/div><\/div>\n<\/div>\n<\/div>\n\n<div class=\"et_pb_section_1 et_pb_section et_section_regular et_flex_section preset--group--divi-section--divi-transition--default preset--module--divi-section--default\">\n<div class=\"et_pb_row_2 et_pb_row et_flex_row preset--group--divi-row--divi-transition--default preset--module--divi-row--default\">\n<div class=\"et_pb_column_2 et_pb_column et-last-child et_flex_column et_pb_css_mix_blend_mode_passthrough et_flex_column_24_24 et_flex_column_24_24_tablet et_flex_column_24_24_phone preset--group--divi-column--divi-transition--default\">\n<div class=\"et_pb_heading_1 et_pb_heading et_pb_module et_flex_module preset--module--divi-heading--u4thaw23lf\"><div class=\"et_pb_heading_container\"><h1 class=\"et_pb_module_header\">Our Destinations<\/h1><\/div><\/div>\n<\/div>\n<\/div>\n\n<div class=\"et_pb_row_3 et_pb_row et_flex_row preset--group--divi-row--divi-transition--default preset--module--divi-row--default\">\n<div class=\"et_pb_column_3 et_pb_column et-last-child et_flex_column et_pb_css_mix_blend_mode_passthrough et_flex_column_24_24 et_flex_column_24_24_tablet et_flex_column_24_24_phone preset--group--divi-column--divi-transition--default\">\n<div class=\"et_pb_row_4 et_pb_row et_pb_row_nested et_flex_row preset--group--divi-row--divi-transition--default preset--module--divi-row--default\">\n<div class=\"et_pb_column_4 et_pb_column et-last-child et_grid_column et_pb_css_mix_blend_mode_passthrough et_flex_column_24_24 et_flex_column_24_24_tablet et_flex_column_24_24_phone preset--group--divi-column--divi-transition--default\"><div class=\"et_pb_group_4 et_pb_group et_pb_module et_flex_group et_pb_css_mix_blend_mode_passthrough preset--group--divi-group--divi-border--nested--mj3bnfrtjf preset--group--divi-group--divi-transition--default\" data-loop-item=\"0\">\n<div class=\"et_pb_heading_2 et_pb_heading et_clickable et_pb_module et_flex_module glass preset--group--divi-heading--divi-spacing--oc1i33r2cf preset--module--divi-heading--twc3pgn80l preset--module--divi-heading--z9zbjtabxd preset--module--divi-heading--v824uglfum\"><div class=\"et_pb_heading_container\"><h2 class=\"et_pb_module_header\">Private Transportation in Playa del Carmen<\/h2><\/div><\/div>\n<\/div><div class=\"et_pb_group_5 et_pb_group et_pb_module et_flex_group et_pb_css_mix_blend_mode_passthrough preset--group--divi-group--divi-border--nested--mj3bnfrtjf preset--group--divi-group--divi-transition--default\" data-loop-item=\"1\">\n<div class=\"et_pb_heading_3 et_pb_heading et_clickable et_pb_module et_flex_module glass preset--group--divi-heading--divi-spacing--oc1i33r2cf preset--module--divi-heading--twc3pgn80l preset--module--divi-heading--z9zbjtabxd preset--module--divi-heading--v824uglfum\"><div class=\"et_pb_heading_container\"><h2 class=\"et_pb_module_header\">Private Transportation in Canc\u00fan<\/h2><\/div><\/div>\n<\/div><div class=\"et_pb_group_6 et_pb_group et_pb_module et_flex_group et_pb_css_mix_blend_mode_passthrough preset--group--divi-group--divi-border--nested--mj3bnfrtjf preset--group--divi-group--divi-transition--default\" data-loop-item=\"2\">\n<div class=\"et_pb_heading_4 et_pb_heading et_clickable et_pb_module et_flex_module glass preset--group--divi-heading--divi-spacing--oc1i33r2cf preset--module--divi-heading--twc3pgn80l preset--module--divi-heading--z9zbjtabxd preset--module--divi-heading--v824uglfum\"><div class=\"et_pb_heading_container\"><h2 class=\"et_pb_module_header\">Private Transportation in Tulum<\/h2><\/div><\/div>\n<\/div><div class=\"et_pb_group_7 et_pb_group et_pb_module et_flex_group et_pb_css_mix_blend_mode_passthrough preset--group--divi-group--divi-border--nested--mj3bnfrtjf preset--group--divi-group--divi-transition--default\" data-loop-item=\"3\">\n<div class=\"et_pb_heading_5 et_pb_heading et_clickable et_pb_module et_flex_module glass preset--group--divi-heading--divi-spacing--oc1i33r2cf preset--module--divi-heading--twc3pgn80l preset--module--divi-heading--z9zbjtabxd preset--module--divi-heading--v824uglfum\"><div class=\"et_pb_heading_container\"><h2 class=\"et_pb_module_header\">Private Transportation in Akumal<\/h2><\/div><\/div>\n<\/div><div class=\"et_pb_group_8 et_pb_group et_pb_module et_flex_group et_pb_css_mix_blend_mode_passthrough preset--group--divi-group--divi-border--nested--mj3bnfrtjf preset--group--divi-group--divi-transition--default\" data-loop-item=\"4\">\n<div class=\"et_pb_heading_6 et_pb_heading et_clickable et_pb_module et_flex_module glass preset--group--divi-heading--divi-spacing--oc1i33r2cf preset--module--divi-heading--twc3pgn80l preset--module--divi-heading--z9zbjtabxd preset--module--divi-heading--v824uglfum\"><div class=\"et_pb_heading_container\"><h2 class=\"et_pb_module_header\">Private Transportation in Puerto Morelos<\/h2><\/div><\/div>\n<\/div><div class=\"et_pb_group_9 et_pb_group et_pb_module et_flex_group et_pb_css_mix_blend_mode_passthrough preset--group--divi-group--divi-border--nested--mj3bnfrtjf preset--group--divi-group--divi-transition--default\" data-loop-item=\"5\">\n<div class=\"et_pb_heading_7 et_pb_heading et_clickable et_pb_module et_flex_module glass preset--group--divi-heading--divi-spacing--oc1i33r2cf preset--module--divi-heading--twc3pgn80l preset--module--divi-heading--z9zbjtabxd preset--module--divi-heading--v824uglfum\"><div class=\"et_pb_heading_container\"><h2 class=\"et_pb_module_header\">Private Transportation in Puerto Aventuras<\/h2><\/div><\/div>\n<\/div><div class=\"et_pb_group_10 et_pb_group et-last-child et_pb_module et_flex_group et_pb_css_mix_blend_mode_passthrough preset--group--divi-group--divi-border--nested--mj3bnfrtjf preset--group--divi-group--divi-transition--default\" data-loop-item=\"6\">\n<div class=\"et_pb_heading_8 et_pb_heading et_clickable et_pb_module et_flex_module glass preset--group--divi-heading--divi-spacing--oc1i33r2cf preset--module--divi-heading--twc3pgn80l preset--module--divi-heading--z9zbjtabxd preset--module--divi-heading--v824uglfum\"><div class=\"et_pb_heading_container\"><h2 class=\"et_pb_module_header\">Private Transportation to Holbox<\/h2><\/div><\/div>\n<\/div><\/div>\n<\/div>\n<\/div>\n<\/div>\n<\/div>\n\n<div class=\"et_pb_section_2 et_pb_section et_section_regular et_flex_section et_pb_section_parallax section_has_divider et_pb_bottom_divider preset--group--divi-section--divi-transition--default preset--module--divi-section--default\"><span class=\"et-pb-parallax-wrapper\"><span class=\"et-pb-parallax-background et-pb-parallax-background--css et-pb-parallax-background-module--divi-section-2\" style=\"background-image:url(https:\/\/transportationcaribe.com\/wp-content\/uploads\/2026\/03\/pexels-willianjusten-16116481.jpg)\"><\/span><\/span>\n<div class=\"et_pb_row_5 et_pb_row et_flex_row glass preset--group--divi-row--divi-border--uybmqrc9d8 preset--group--divi-row--divi-spacing--cec0fvkdsp preset--group--divi-row--divi-transition--default preset--module--divi-row--default\">\n<div class=\"et_pb_column_5 et_pb_column et-last-child et_flex_column et_pb_css_mix_blend_mode_passthrough et_flex_column_24_24 et_flex_column_24_24_tablet et_flex_column_24_24_phone preset--group--divi-column--divi-transition--default\">\n<div class=\"et_pb_heading_9 et_pb_heading et_pb_module et_flex_module preset--module--divi-heading--u4thaw23lf preset--module--divi-heading--v824uglfum\"><div class=\"et_pb_heading_container\"><h1 class=\"et_pb_module_header\">Private Tours<\/h1><\/div><\/div>\n\n<div class=\"et_pb_text_1 et_pb_text et_pb_bg_layout_light et_pb_module et_flex_module preset--module--divi-text--vdkd52okjp preset--module--divi-text--j9evmlzz5y\"><div class=\"et_pb_text_inner\"><p style=\"text-align: center;\"><span>Visit the most popular places around the Riviera Maya<\/span><\/p>\n<\/div><\/div>\n\n<div class=\"et_pb_module et_pb_button_module_wrapper et_pb_button_4_wrapper preset--module--divi-button--default_wrapper preset--module--divi-button--ir4k6h0nhp_wrapper\"><a class=\"et_pb_button_4 et_pb_button et_pb_bg_layout_light et_pb_module et_flex_module preset--module--divi-button--default preset--module--divi-button--ir4k6h0nhp\" href=\"https:\/\/www.transportationcaribe.com\/tours-privados\/\">Discover our tours<\/a><\/div>\n<\/div>\n<\/div>\n<div class=\"et_pb_bottom_inside_divider et-no-transition\"><\/div><\/div>\n\n<div class=\"et_pb_section_3 et_pb_section et_section_regular et_flex_section preset--group--divi-section--divi-transition--default preset--module--divi-section--default\">\n<div class=\"et_pb_row_6 et_pb_row et_flex_row preset--group--divi-row--divi-transition--default preset--module--divi-row--default\">\n<div class=\"et_pb_column_6 et_pb_column et-last-child et_flex_column et_pb_css_mix_blend_mode_passthrough et_flex_column_24_24 et_flex_column_24_24_tablet et_flex_column_24_24_phone preset--group--divi-column--divi-transition--default\">\n<div class=\"et_pb_heading_10 et_pb_heading et_pb_module et_flex_module preset--module--divi-heading--u4thaw23lf preset--module--divi-heading--twc3pgn80l\"><div class=\"et_pb_heading_container\"><h3 class=\"et_pb_module_header\">Recommendations \/ Additional Information<br><\/h3><\/div><\/div>\n\n<div class=\"et_pb_text_2 et_pb_text et_pb_bg_layout_light et_pb_module et_flex_module preset--module--divi-text--vdkd52okjp\"><div class=\"et_pb_text_inner\"><ul>\n<li>Children under 8 years old may participate in this activity only under the responsibility and direct supervision of a parent or guardian.<\/li>\n<li>Basic swimming skills are required to take part in this tour.<\/li>\n<li>This tour is not recommended for individuals with limited mobility, respiratory or heart conditions, pregnant women, those with recent injuries or surgeries, or anyone unable to perform moderate physical activities.<\/li>\n<li>Any insect repellent or sunscreen used must be 100% biodegradable.<\/li>\n<li>Wear comfortable beach clothing and a swimsuit. Bring a towel and a change of clothes. <\/li>\n<li>Wear comfortable shoes and water shoes.<\/li>\n<li>Pick-up time and additional details will be provided once your reservation is completed.<\/li>\n<li>Bring cash for souvenirs or optional activities.<\/li>\n<li>If you have any health conditions or physical limitations, please contact us before booking so we can advise you accordingly.<\/li>\n<li>Reservations canceled more than 2 days prior to the tour date are subject to a 25% administrative fee.<br \/>Cancellations made 2 days or less before the tour date are non-refundable.<br \/>No-shows on the day of the tour are non-refundable.<br \/>Any date changes may be subject to rate adjustments.   <\/li>\n<li>Same-day date changes are not allowed.<\/li>\n<\/ul>\n<\/div><\/div>\n\n<div class=\"et_pb_text_3 et_pb_text et_pb_bg_layout_light et_pb_module et_flex_module preset--module--divi-text--vdkd52okjp preset--module--divi-text--v65t9x073t\"><div class=\"et_pb_text_inner\"><p><em>Special Instructions \/ Extra Amenities: If you wish to add special amenities such as chocolates, champagne, tequila, or any other items, a 30% surcharge based on the market price will apply.<\/em><\/p>\n<\/div><\/div>\n<\/div>\n<\/div>\n<\/div><div class=\"et_pb_section_4 et_pb_section et_pb_section--fixed et_section_regular et_flex_section et_animated et-interaction-target-8kxwfl63yk preset--group--divi-section--divi-border--uybmqrc9d8 preset--group--divi-section--divi-transition--default preset--group--divi-section--divi-background--87k68iw5tq preset--module--divi-section--default\" data-interaction-trigger=\"e0jpkclnj9\" data-interaction-target=\"8kxwfl63yk\"><div class=\"et_pb_row_7 et_pb_row et_flex_row preset--group--divi-row--divi-transition--default preset--module--divi-row--default\"><div class=\"et_pb_column_7 et_pb_column et-last-child et_flex_column et_pb_css_mix_blend_mode_passthrough et_flex_column_24_24 et_flex_column_24_24_tablet et_flex_column_24_24_phone preset--group--divi-column--divi-transition--default\"><div class=\"et_pb_icon_0 et_pb_icon et_pb_module et_flex_module preset--group--divi-icon--divi-transition--default\" data-interaction-trigger=\"zc87vj7fy1\"><span class=\"et_pb_icon_wrap\"><span class=\"et-pb-icon\">\uf00d<\/span><\/span><\/div><\/div><\/div><div class=\"et_pb_row_8 et_pb_row et_flex_row preset--group--divi-row--divi-transition--default preset--module--divi-row--default\"><div class=\"et_pb_column_8 et_pb_column et_flex_column et_pb_css_mix_blend_mode_passthrough et_flex_column_2_5 et_flex_column_2_5_tablet et_flex_column_24_24_phone preset--group--divi-column--divi-transition--default\"><div class=\"et_pb_video_0 et_pb_video et_pb_module et_flex_module preset--group--divi-video--divi-border--uybmqrc9d8 preset--group--divi-video--divi-box-shadow--3mvddw2lkk preset--group--divi-video--divi-transition--default\"><div class=\"et_pb_video_box\"><video controls><source type=\"video\/mp4\" src=\"https:\/\/transportationcaribe.com\/wp-content\/uploads\/2026\/03\/video-promo.mp4\" \/><\/video><\/div><div class=\"et_pb_video_overlay\" style=\"background-image:url(https:\/\/transportationcaribe.com\/wp-content\/uploads\/2026\/03\/Caribe-Nut-Storie-IMG-41.webp)\"><div class=\"et_pb_video_overlay_hover\"><a class=\"et_pb_video_play\" href=\"#\"><\/a><\/div><\/div><\/div><\/div><div class=\"et_pb_column_9 et_pb_column et-last-child et_flex_column et_pb_css_mix_blend_mode_passthrough et_flex_column_3_5 et_flex_column_3_5_tablet et_flex_column_24_24_phone preset--group--divi-column--divi-transition--default\"><div class=\"et_pb_heading_11 et_pb_heading et_pb_module et_flex_module preset--module--divi-heading--u4thaw23lf\"><div class=\"et_pb_heading_container\"><h3 class=\"et_pb_module_header\">Tu para\u00edso comienza aqu\u00ed: 15% off en traslados en Canc\u00fan.<\/h3><\/div><\/div><div class=\"et_pb_text_4 et_pb_text et_pb_bg_layout_light et_pb_module et_flex_module preset--module--divi-text--vdkd52okjp\"><div class=\"et_pb_text_inner\"><p>15% de descuento reservando tu viaje redondo Aeropuerto Canc\u00fan- Hotel - Aeropuerto Cancun<\/p>\n<\/div><\/div><div class=\"et_pb_group_11 et_pb_group et_pb_module et_flex_group et_pb_css_mix_blend_mode_passthrough preset--group--divi-group--divi-border--nested--mj3bnfrtjf preset--group--divi-group--divi-transition--default\"><div class=\"et_pb_module et_pb_button_module_wrapper et_pb_button_5_wrapper preset--module--divi-button--default_wrapper preset--module--divi-button--376xs5bekj_wrapper\"><a class=\"et_pb_button_5 et_pb_button et_pb_bg_layout_light et_pb_module et_flex_module preset--module--divi-button--default preset--module--divi-button--376xs5bekj\" href=\"https:\/\/www.transportationcaribe.com\/contacto\/\">\u00a1Reserva Ahora!<\/a><\/div><div class=\"et_pb_module et_pb_button_module_wrapper et_pb_button_6_wrapper preset--module--divi-button--default_wrapper preset--module--divi-button--20q4hhwy4c_wrapper\"><a class=\"et_pb_button_6 et_pb_button et_pb_bg_layout_light et_pb_module et_flex_module preset--module--divi-button--default preset--module--divi-button--20q4hhwy4c\" href=\"https:\/\/www.transportationcaribe.com\/servicios\/\">Nuestros Servicios<\/a><\/div><\/div><div class=\"et_pb_divider_0 et_pb_divider_hidden et_pb_space et_pb_divider_position_top et_pb_module preset--group--divi-divider--divi-transition--default\" data-interaction-trigger=\"drwz7i5srd\" id=\"diviExitTrigger\"><div class=\"et_pb_divider_internal\"><\/div><\/div><\/div><\/div><\/div>","protected":false},"excerpt":{"rendered":"<p>\uf00dTu para\u00edso comienza aqu\u00ed: 15% off en traslados en Canc\u00fan.15% de descuento reservando tu viaje redondo Aeropuerto Canc\u00fan- Hotel &#8211; Aeropuerto Cancun \u00a1Reserva Ahora!Nuestros Servicios<\/p>\n","protected":false},"author":1,"featured_media":223153,"parent":0,"menu_order":0,"comment_status":"closed","ping_status":"closed","template":"","meta":{"_acf_changed":false,"footnotes":""},"class_list":["post-223154","page","type-page","status-publish","has-post-thumbnail","hentry"],"acf":[],"_links":{"self":[{"href":"https:\/\/www.transportationcaribe.com\/en\/wp-json\/wp\/v2\/pages\/223154","targetHints":{"allow":["GET"]}}],"collection":[{"href":"https:\/\/www.transportationcaribe.com\/en\/wp-json\/wp\/v2\/pages"}],"about":[{"href":"https:\/\/www.transportationcaribe.com\/en\/wp-json\/wp\/v2\/types\/page"}],"author":[{"embeddable":true,"href":"https:\/\/www.transportationcaribe.com\/en\/wp-json\/wp\/v2\/users\/1"}],"replies":[{"embeddable":true,"href":"https:\/\/www.transportationcaribe.com\/en\/wp-json\/wp\/v2\/comments?post=223154"}],"version-history":[{"count":1,"href":"https:\/\/www.transportationcaribe.com\/en\/wp-json\/wp\/v2\/pages\/223154\/revisions"}],"predecessor-version":[{"id":223155,"href":"https:\/\/www.transportationcaribe.com\/en\/wp-json\/wp\/v2\/pages\/223154\/revisions\/223155"}],"wp:featuredmedia":[{"embeddable":true,"href":"https:\/\/www.transportationcaribe.com\/en\/wp-json\/wp\/v2\/media\/223153"}],"wp:attachment":[{"href":"https:\/\/www.transportationcaribe.com\/en\/wp-json\/wp\/v2\/media?parent=223154"}],"curies":[{"name":"wp","href":"https:\/\/api.w.org\/{rel}","templated":true}]}}